{"id":285,"date":"2021-09-04T16:37:26","date_gmt":"2021-09-04T16:37:26","guid":{"rendered":"http:\/\/vilajura.lt\/?page_id=285"},"modified":"2023-01-10T10:24:35","modified_gmt":"2023-01-10T10:24:35","slug":"apie","status":"publish","type":"page","link":"https:\/\/vilajura.lt\/index.php\/apie\/","title":{"rendered":"Apie"},"content":{"rendered":"\n<p>\u201eVila J\u016bra&#8221; \u012fsik\u016brusi jaukioje, ramioje vietoje, atokiai nuo miesto \u0161urmulio, labai arti j\u016bros Kunigi\u0161k\u0117se, tarp Palangos ir \u0160ventosios kurort\u0173. J\u016bs\u0173 laukia stilingi ir komforti\u0161ki apartamentai su terasomis, kur ramus mi\u0161ko ir svaigios j\u016bros o\u0161imas leis Jums puikiai atsipalaiduoti.<\/p>\n\n\n\n<p>Taip pat J\u016bs\u0173 patogumui si\u016blome u\u017edar\u0105 automobili\u0173 stov\u0117jimo aik\u0161tel\u0119, lauko pav\u0117sin\u0119, kepsnin\u0119, vaikams \u012frengtas s\u016bpynes.<\/p>\n\n\n\n<p>\u0160alia \u201eVilos J\u016bros\u201c driekiasi dvira\u010di\u0173 takas, jungiantis Palang\u0105 su \u0160vent\u0105ja. Mindami savo ar vilos \u0161eiminink\u0173 nuomojamus dvira\u010dius, galite pasim\u0117gauti nuostabiais pu\u0161yn\u0173 vaizdais, tyla ir grynu, jodo prisotintu, paj\u016brio oru. Nuo Kunigi\u0161ki\u0173 iki Palangos centro va\u017eiuoja mar\u0161rutiniai autobusai, kuriais be vargo pasieksite Palang\u0105, jei nenorite vykti savo automobiliu ar dvira\u010diais.<\/p>\n\n\n\n<p><strong>Privalumai:<\/strong><\/p>\n\n\n\n<ul><li>J\u016bra \u2013 250 m<\/li><li>Dvira\u010di\u0173 takas \u2013 100 m<\/li><li>Palangos centras &#8211; 5 km<\/li><li>Artimiausios kavin\u0117s, pirtis \u2013 400 m, 500 m<\/li><\/ul>\n\n\n\n<p><strong>Pastabos:<\/strong><\/p>\n\n\n\n<ul><li>Atvykimo dien\u0105 poilsiautojus priimame nuo 14 val.<\/li><li>I\u0161vykimo dien\u0105 kambarys atlaisvinamas iki 11 val.<\/li><li>Viloje tylos laikomasi 22-8 val.<\/li><li>,,Vila J\u016bra\u201c skirta ramiam \u0161eimyniniam poilsiui.<\/li><li>Triuk\u0161mingiems vakar\u0117liams rengti ,,Vila J\u016bra\u201c nenuomojama.<\/li><li>Sve\u010di\u0173 atsivedimas \u012f nuomojamus kambarius derinamas su \u0161eimininkais.<\/li><li>Namini\u0173 gyv\u016bn\u0117li\u0173 maloniai pra\u0161ome \u012f vil\u0105 nesive\u017eti.<\/li><\/ul>\n","protected":false},"excerpt":{"rendered":"<p>\u201eVila J\u016bra&#8221; \u012fsik\u016brusi jaukioje, ramioje vietoje, atokiai nuo miesto \u0161urmulio, labai arti j\u016bros Kunigi\u0161k\u0117se, tarp Palangos ir \u0160ventosios kurort\u0173. J\u016bs\u0173 laukia stilingi ir komforti\u0161ki apartamentai su terasomis, kur ramus mi\u0161ko ir svaigios j\u016bros o\u0161imas leis Jums puikiai atsipalaiduoti. Taip pat J\u016bs\u0173 patogumui si\u016blome u\u017edar\u0105 automobili\u0173 stov\u0117jimo aik\u0161tel\u0119, lauko pav\u0117sin\u0119, kepsnin\u0119, vaikams \u012frengtas s\u016bpynes. \u0160alia \u201eVilos [&hellip;]<\/p>\n","protected":false},"author":1,"featured_media":0,"parent":0,"menu_order":0,"comment_status":"closed","ping_status":"closed","template":"","meta":[],"_links":{"self":[{"href":"https:\/\/vilajura.lt\/index.php\/wp-json\/wp\/v2\/pages\/285"}],"collection":[{"href":"https:\/\/vilajura.lt\/index.php\/wp-json\/wp\/v2\/pages"}],"about":[{"href":"https:\/\/vilajura.lt\/index.php\/wp-json\/wp\/v2\/types\/page"}],"author":[{"embeddable":true,"href":"https:\/\/vilajura.lt\/index.php\/wp-json\/wp\/v2\/users\/1"}],"replies":[{"embeddable":true,"href":"https:\/\/vilajura.lt\/index.php\/wp-json\/wp\/v2\/comments?post=285"}],"version-history":[{"count":5,"href":"https:\/\/vilajura.lt\/index.php\/wp-json\/wp\/v2\/pages\/285\/revisions"}],"predecessor-version":[{"id":516,"href":"https:\/\/vilajura.lt\/index.php\/wp-json\/wp\/v2\/pages\/285\/revisions\/516"}],"wp:attachment":[{"href":"https:\/\/vilajura.lt\/index.php\/wp-json\/wp\/v2\/media?parent=285"}],"curies":[{"name":"wp","href":"https:\/\/api.w.org\/{rel}","templated":true}]}}