{"id":378,"date":"2021-09-04T16:37:26","date_gmt":"2021-09-04T16:37:26","guid":{"rendered":"http:\/\/vilajura.lt\/?page_id=378"},"modified":"2023-01-10T10:24:31","modified_gmt":"2023-01-10T10:24:31","slug":"about","status":"publish","type":"page","link":"https:\/\/vilajura.lt\/index.php\/en\/about\/","title":{"rendered":"About"},"content":{"rendered":"\n<p>\u2019Vila J\u016bra\u2019 is situated in a cosy, quiet place, away from the uproar of the town, on the coast of the Baltic Sea in the area of Kunigi\u0161k\u0117s, between Palanga and \u0160ventoji resorts. Stylish and comfortable apartments, where calm sough of the pinewood and the sea will make your rest perfect, await You.<\/p>\n\n\n\n<p>For your choice the villa presents 5 fully furnished apartments with all the facilities: TV, WiFi Internet, kitchen (including all the utensils).<\/p>\n\n\n\n<p>For your convenience: private parking lot (equipped with video cameras); barbecue kettle; summerhouse; swings for children; badminton rackets; darts; bicycles for rent; sticks for Nordic walk etc.<\/p>\n\n\n\n<p>Nearby the villa lies bicycle path connecting Palanga and \u0160ventoji. If you do not want to go to Palanga or \u0160ventoji by your car or bicycles, you can reach them easily by minibuses which can be stopped right in front of the villa.<\/p>\n\n\n\n<p><strong>Distances:<\/strong><\/p>\n\n\n\n<ul><li>The sea and the beach \u2013 250 m<\/li><li>Bicycle path \u2013 100 m<\/li><li>Center of Palanga \u2013 5 km<\/li><li>Nearest grocery shop \u2013 300 m<\/li><li>Nearest caf\u00e9, sauna \u2013 400, 500 m<\/li><li>Tennis, basketball courts \u2013 300 m<\/li><\/ul>\n\n\n\n<p><strong>Remarks:<\/strong><\/p>\n\n\n\n<ul><li>Check-in from 2 p.m.<\/li><li>Check out till 11 a.m.<\/li><li>Quiet time in the villa 10 p.m. \u2013 8 a.m.<\/li><li>\u2019Vila J\u016bra\u2019 is oriented towards quiet family rest.<\/li><li>\u2019Vila J\u016bra\u2019 is not rented for parties.<\/li><li>If you want to bring guests to your apartments \u2013 owner\u2018s permission is required.<\/li><li>Please leave your family pets at home.<\/li><\/ul>\n","protected":false},"excerpt":{"rendered":"<p>\u2019Vila J\u016bra\u2019 is situated in a cosy, quiet place, away from the uproar of the town, on the coast of the Baltic Sea in the area of Kunigi\u0161k\u0117s, between Palanga and \u0160ventoji resorts. Stylish and comfortable apartments, where calm sough of the pinewood and the sea will make your rest perfect, await You. For your [&hellip;]<\/p>\n","protected":false},"author":1,"featured_media":0,"parent":0,"menu_order":0,"comment_status":"closed","ping_status":"closed","template":"","meta":[],"_links":{"self":[{"href":"https:\/\/vilajura.lt\/index.php\/wp-json\/wp\/v2\/pages\/378"}],"collection":[{"href":"https:\/\/vilajura.lt\/index.php\/wp-json\/wp\/v2\/pages"}],"about":[{"href":"https:\/\/vilajura.lt\/index.php\/wp-json\/wp\/v2\/types\/page"}],"author":[{"embeddable":true,"href":"https:\/\/vilajura.lt\/index.php\/wp-json\/wp\/v2\/users\/1"}],"replies":[{"embeddable":true,"href":"https:\/\/vilajura.lt\/index.php\/wp-json\/wp\/v2\/comments?post=378"}],"version-history":[{"count":2,"href":"https:\/\/vilajura.lt\/index.php\/wp-json\/wp\/v2\/pages\/378\/revisions"}],"predecessor-version":[{"id":515,"href":"https:\/\/vilajura.lt\/index.php\/wp-json\/wp\/v2\/pages\/378\/revisions\/515"}],"wp:attachment":[{"href":"https:\/\/vilajura.lt\/index.php\/wp-json\/wp\/v2\/media?parent=378"}],"curies":[{"name":"wp","href":"https:\/\/api.w.org\/{rel}","templated":true}]}}